{"id":115,"date":"2025-09-25T20:48:42","date_gmt":"2025-09-25T23:48:42","guid":{"rendered":"https:\/\/lightcoral-squirrel-587974.hostingersite.com\/clarivus\/?page_id=115"},"modified":"2025-11-24T18:05:23","modified_gmt":"2025-11-24T21:05:23","slug":"beneficios-da-plataforma","status":"publish","type":"page","link":"https:\/\/indatadigital.com.br\/clarivus\/beneficios-da-plataforma\/","title":{"rendered":"Benef\u00edcios da plataforma"},"content":{"rendered":"\t\t<div data-elementor-type=\"wp-page\" data-elementor-id=\"115\" class=\"elementor elementor-115\" data-elementor-post-type=\"page\">\n\t\t\t\t<div class=\"elementor-element elementor-element-294786e e-flex e-con-boxed e-con e-parent\" data-id=\"294786e\" data-element_type=\"container\">\n\t\t\t\t\t<div class=\"e-con-inner\">\n\t\t\t\t<div class=\"elementor-element elementor-element-fcbdbc1 elementor-widget elementor-widget-heading\" data-id=\"fcbdbc1\" data-element_type=\"widget\" data-widget_type=\"heading.default\">\n\t\t\t\t\t<h1 class=\"elementor-heading-title elementor-size-default\">BENEF\u00cdCIOS DA PLATAFORMA<\/h1>\t\t\t\t<\/div>\n\t\t<div class=\"elementor-element elementor-element-1e35a4e e-con-full e-flex e-con e-child\" data-id=\"1e35a4e\" data-element_type=\"container\">\n\t\t<div class=\"elementor-element elementor-element-b94a629 e-con-full e-flex e-con e-child\" data-id=\"b94a629\" data-element_type=\"container\" data-settings=\"{&quot;background_background&quot;:&quot;classic&quot;}\">\n\t\t\t\t<div class=\"elementor-element elementor-element-41ffc86 elementor-widget elementor-widget-heading\" data-id=\"41ffc86\" data-element_type=\"widget\" data-widget_type=\"heading.default\">\n\t\t\t\t\t<h3 class=\"elementor-heading-title elementor-size-default\">Para os Estudantes<\/h3>\t\t\t\t<\/div>\n\t\t\t\t<div class=\"elementor-element elementor-element-f3d0250 elementor-widget elementor-widget-text-editor\" data-id=\"f3d0250\" data-element_type=\"widget\" data-widget_type=\"text-editor.default\">\n\t\t\t\t\t\t\t\t\t<ul><li style=\"font-weight: 400;\" aria-level=\"1\"><b>Melhoria no Rendimento<\/b><span style=\"font-weight: 400;\">: Foco nas \u00e1reas priorit\u00e1rias, otimizando o tempo de estudo e potencializando a profici\u00eancia.<\/span><span style=\"font-weight: 400;\"><br \/><br \/><\/span><\/li><li style=\"font-weight: 400;\" aria-level=\"1\"><b>Personaliza\u00e7\u00e3o da Jornada<\/b><span style=\"font-weight: 400;\">: Conte\u00fados, avalia\u00e7\u00f5es e atividades adaptadas ao ritmo e desempenho individual de cada estudante.<\/span><span style=\"font-weight: 400;\"><br \/><br \/><\/span><\/li><li style=\"font-weight: 400;\" aria-level=\"1\"><b>Acesso Equitativo<\/b><span style=\"font-weight: 400;\">: Todos os alunos recebem apoio alinhado \u00e0s suas necessidades espec\u00edficas.<\/span><span style=\"font-weight: 400;\"><br \/><br \/><\/span><\/li><li style=\"font-weight: 400;\" aria-level=\"1\"><b>Autonomia e Protagonismo<\/b><span style=\"font-weight: 400;\">: O aluno acompanha sua evolu\u00e7\u00e3o e planeja seus estudos com relat\u00f3rios e orienta\u00e7\u00f5es personalizadas.<\/span><span style=\"font-weight: 400;\"><br \/><br \/><\/span><\/li><li style=\"font-weight: 400;\" aria-level=\"1\"><b>Feedback Imediato<\/b><span style=\"font-weight: 400;\">: Atualiza\u00e7\u00f5es constantes do progresso permitem ajustes r\u00e1pidos na estrat\u00e9gia de estudos.<br \/><br \/><\/span><\/li><li style=\"font-weight: 400;\" aria-level=\"1\"><span style=\"font-weight: 400;\"><b>Identifica\u00e7\u00e3o R\u00e1pida de Lacunas<\/b><span>: Detecta dificuldades, sugere planos de refor\u00e7o e promove avan\u00e7o cont\u00ednuo.<\/span><\/span><\/li><\/ul>\t\t\t\t\t\t\t\t<\/div>\n\t\t\t\t<\/div>\n\t\t<div class=\"elementor-element elementor-element-e952b2a e-con-full e-flex e-con e-child\" data-id=\"e952b2a\" data-element_type=\"container\" data-settings=\"{&quot;background_background&quot;:&quot;classic&quot;}\">\n\t\t\t\t<div class=\"elementor-element elementor-element-5f2d99d elementor-widget elementor-widget-heading\" data-id=\"5f2d99d\" data-element_type=\"widget\" data-widget_type=\"heading.default\">\n\t\t\t\t\t<h3 class=\"elementor-heading-title elementor-size-default\">Para os Professores<\/h3>\t\t\t\t<\/div>\n\t\t\t\t<div class=\"elementor-element elementor-element-e218992 elementor-widget elementor-widget-text-editor\" data-id=\"e218992\" data-element_type=\"widget\" data-widget_type=\"text-editor.default\">\n\t\t\t\t\t\t\t\t\t<ul><li><b>Melhoria no Relacionamento<\/b><span style=\"font-weight: 400;\">: Relat\u00f3rios claros permitem atender melhor \u00e0s expectativas da gest\u00e3o escolar e das fam\u00edlias.<br \/><br \/><\/span><\/li><li><b>Personaliza\u00e7\u00e3o de Planos<\/b><span style=\"font-weight: 400;\">: Cria\u00e7\u00e3o e adapta\u00e7\u00e3o de planos de aula sob medida, considerando desempenho individual ou da turma.<br \/><br \/><\/span><\/li><li><b>Relat\u00f3rios Pedag\u00f3gicos<\/b><span style=\"font-weight: 400;\">: Gera\u00e7\u00e3o autom\u00e1tica de pareceres, diagn\u00f3sticos e progn\u00f3sticos, reduzindo significativamente o tempo administrativo.<br \/><br \/><\/span><\/li><li><b>Monitoramento Cont\u00ednuo<\/b><span style=\"font-weight: 400;\">: Vis\u00e3o clara da evolu\u00e7\u00e3o de cada aluno, permitindo interven\u00e7\u00f5es pedag\u00f3gicas r\u00e1pidas e assertivas.<br \/><br \/><\/span><\/li><li><b>Pr\u00e1ticas Inclusivas<\/b><span><span>: Ajuste do ensino para atender diferentes perfis de aprendizagem e promover equidade em sala de aula.<br \/><br \/><\/span><\/span><\/li><li><b>Apoio na Gest\u00e3o de Turmas<\/b>: Identifica\u00e7\u00e3o de alunos com dificuldades e sugest\u00f5es de a\u00e7\u00f5es pedag\u00f3gicas direcionadas.<\/li><li style=\"list-style-type: none;\">\u00a0<\/li><\/ul>\t\t\t\t\t\t\t\t<\/div>\n\t\t\t\t<\/div>\n\t\t<div class=\"elementor-element elementor-element-2c64a91 e-con-full e-flex e-con e-child\" data-id=\"2c64a91\" data-element_type=\"container\" data-settings=\"{&quot;background_background&quot;:&quot;classic&quot;}\">\n\t\t\t\t<div class=\"elementor-element elementor-element-78809e2 elementor-widget elementor-widget-heading\" data-id=\"78809e2\" data-element_type=\"widget\" data-widget_type=\"heading.default\">\n\t\t\t\t\t<h3 class=\"elementor-heading-title elementor-size-default\">Para a Escola<\/h3>\t\t\t\t<\/div>\n\t\t\t\t<div class=\"elementor-element elementor-element-2f93f8f elementor-widget elementor-widget-text-editor\" data-id=\"2f93f8f\" data-element_type=\"widget\" data-widget_type=\"text-editor.default\">\n\t\t\t\t\t\t\t\t\t<ul><li style=\"font-weight: 400;\" aria-level=\"1\"><b>Melhora nos Indicadores<\/b><span style=\"font-weight: 400;\">: A\u00e7\u00f5es focadas e planejamentos individualizados promovem a recupera\u00e7\u00e3o das lacunas e aumentam o IDEB.<\/span><span style=\"font-weight: 400;\"><br \/><br \/><\/span><\/li><li style=\"font-weight: 400;\" aria-level=\"1\"><b>Avalia\u00e7\u00f5es Personalizadas<\/b><span style=\"font-weight: 400;\">: Gera\u00e7\u00e3o de avalia\u00e7\u00f5es sob medida, integrando dados da matriz curricular.<\/span><span style=\"font-weight: 400;\"><br \/><br \/><\/span><\/li><li style=\"font-weight: 400;\" aria-level=\"1\"><b>Relat\u00f3rios Abrangentes<\/b><span style=\"font-weight: 400;\">: Informa\u00e7\u00f5es claras e assertivas para decis\u00f5es estrat\u00e9gicas de aprendizado.<\/span><span style=\"font-weight: 400;\"><br \/><br \/><\/span><\/li><li style=\"font-weight: 400;\" aria-level=\"1\"><b>Suporte Individualizado<\/b><span style=\"font-weight: 400;\">: Detec\u00e7\u00e3o r\u00e1pida de lacunas e planos de estudo garantem avan\u00e7o acad\u00eamico cont\u00ednuo.<br \/><br \/><\/span><\/li><li style=\"font-weight: 400;\" aria-level=\"1\"><span style=\"font-weight: 400;\"><b>Alinhamento Curricular Eficiente<\/b><span>: Implementa\u00e7\u00e3o simplificada da BNCC e do Referencial Curricular, garantindo conformidade pedag\u00f3gica.<\/span><\/span><\/li><\/ul>\t\t\t\t\t\t\t\t<\/div>\n\t\t\t\t<\/div>\n\t\t\t\t<\/div>\n\t\t\t\t\t<\/div>\n\t\t\t\t<\/div>\n\t\t\t\t<\/div>\n\t\t","protected":false},"excerpt":{"rendered":"<p>BENEF\u00cdCIOS DA PLATAFORMA Para os Estudantes Melhoria no Rendimento: Foco nas \u00e1reas priorit\u00e1rias, otimizando o tempo de estudo e potencializando a profici\u00eancia. Personaliza\u00e7\u00e3o da Jornada: Conte\u00fados, avalia\u00e7\u00f5es e atividades adaptadas ao ritmo e desempenho individual de cada estudante. Acesso Equitativo: Todos os alunos recebem apoio alinhado \u00e0s suas necessidades espec\u00edficas. Autonomia e Protagonismo: O aluno [&hellip;]<\/p>\n","protected":false},"author":1,"featured_media":0,"parent":0,"menu_order":0,"comment_status":"closed","ping_status":"closed","template":"","meta":{"footnotes":""},"class_list":["post-115","page","type-page","status-publish","hentry"],"_links":{"self":[{"href":"https:\/\/indatadigital.com.br\/clarivus\/wp-json\/wp\/v2\/pages\/115","targetHints":{"allow":["GET"]}}],"collection":[{"href":"https:\/\/indatadigital.com.br\/clarivus\/wp-json\/wp\/v2\/pages"}],"about":[{"href":"https:\/\/indatadigital.com.br\/clarivus\/wp-json\/wp\/v2\/types\/page"}],"author":[{"embeddable":true,"href":"https:\/\/indatadigital.com.br\/clarivus\/wp-json\/wp\/v2\/users\/1"}],"replies":[{"embeddable":true,"href":"https:\/\/indatadigital.com.br\/clarivus\/wp-json\/wp\/v2\/comments?post=115"}],"version-history":[{"count":16,"href":"https:\/\/indatadigital.com.br\/clarivus\/wp-json\/wp\/v2\/pages\/115\/revisions"}],"predecessor-version":[{"id":249,"href":"https:\/\/indatadigital.com.br\/clarivus\/wp-json\/wp\/v2\/pages\/115\/revisions\/249"}],"wp:attachment":[{"href":"https:\/\/indatadigital.com.br\/clarivus\/wp-json\/wp\/v2\/media?parent=115"}],"curies":[{"name":"wp","href":"https:\/\/api.w.org\/{rel}","templated":true}]}}